{"id":2184,"date":"2025-03-07T11:30:07","date_gmt":"2025-03-07T10:30:07","guid":{"rendered":"https:\/\/henmar.pl\/?page_id=2184"},"modified":"2025-03-10T12:14:30","modified_gmt":"2025-03-10T11:14:30","slug":"kabiny-zintegrowane","status":"publish","type":"page","link":"https:\/\/henmar.pl\/en\/kabiny-zintegrowane\/","title":{"rendered":"Integrated cabins"},"content":{"rendered":"<div data-elementor-type=\"wp-page\" data-elementor-id=\"2184\" class=\"elementor elementor-2184\" data-elementor-post-type=\"page\">\n\t\t\t\t<div class=\"elementor-element elementor-element-eff782e e-flex e-con-boxed e-con e-parent\" data-id=\"eff782e\" data-element_type=\"container\">\n\t\t\t\t\t<div class=\"e-con-inner\">\n\t\t<div class=\"elementor-element elementor-element-c01b7b3 e-con-full e-flex e-con e-child\" data-id=\"c01b7b3\" data-element_type=\"container\">\n\t\t\t\t<div class=\"elementor-element elementor-element-0698fde elementor-widget-laptop__width-initial elementor-widget elementor-widget-image\" data-id=\"0698fde\" data-element_type=\"widget\" data-widget_type=\"image.default\">\n\t\t\t\t<div class=\"elementor-widget-container\">\n\t\t\t\t\t\t\t\t\t\t\t\t\t\t\t<img decoding=\"async\" src=\"https:\/\/henmar.pl\/wp-content\/uploads\/2025\/03\/przy-tekscie.webp\" title=\"next to the text\" alt=\"przy teks\u0301cie\" loading=\"lazy\" \/>\t\t\t\t\t\t\t\t\t\t\t\t\t\t\t<\/div>\n\t\t\t\t<\/div>\n\t\t\t\t<\/div>\n\t\t<div class=\"elementor-element elementor-element-fb60f5a e-con-full e-flex e-con e-child\" data-id=\"fb60f5a\" data-element_type=\"container\">\n\t\t\t\t<div class=\"elementor-element elementor-element-298ed8d elementor-widget elementor-widget-heading\" data-id=\"298ed8d\" data-element_type=\"widget\" data-widget_type=\"heading.default\">\n\t\t\t\t<div class=\"elementor-widget-container\">\n\t\t\t\t\t<h2 class=\"elementor-heading-title elementor-size-default\">Cabs <br><span class=\"header_color_blue\">integrated<\/span><\/h2>\t\t\t\t<\/div>\n\t\t\t\t<\/div>\n\t\t\t\t<div class=\"elementor-element elementor-element-1a92127 elementor-widget elementor-widget-text-editor\" data-id=\"1a92127\" data-element_type=\"widget\" data-widget_type=\"text-editor.default\">\n\t\t\t\t<div class=\"elementor-widget-container\">\n\t\t\t\t\t\t\t\t\t<p>We offer complete solutions for the design and manufacture of cabs for construction and industrial machinery. Our designs undergo rigorous ROPS and FOPS testing, ensuring maximum safety and comfort for operators. We work with renowned machine manufacturers, supplying cabs for first assembly. Thanks to advanced technologies and years of experience, we create durable, ergonomic and customised solutions.<\/p>\t\t\t\t\t\t\t\t<\/div>\n\t\t\t\t<\/div>\n\t\t\t\t<\/div>\n\t\t\t\t\t<\/div>\n\t\t\t\t<\/div>\n\t\t<div class=\"elementor-element elementor-element-4644b64 e-flex e-con-boxed e-con e-parent\" data-id=\"4644b64\" data-element_type=\"container\">\n\t\t\t\t\t<div class=\"e-con-inner\">\n\t\t\t\t<div class=\"elementor-element elementor-element-ea1c6fa elementor-widget elementor-widget-gallery\" data-id=\"ea1c6fa\" data-element_type=\"widget\" data-settings=\"{&quot;gallery_layout&quot;:&quot;masonry&quot;,&quot;gap&quot;:{&quot;unit&quot;:&quot;px&quot;,&quot;size&quot;:13,&quot;sizes&quot;:[]},&quot;lazyload&quot;:&quot;yes&quot;,&quot;columns&quot;:4,&quot;columns_tablet&quot;:2,&quot;columns_mobile&quot;:1,&quot;gap_laptop&quot;:{&quot;unit&quot;:&quot;px&quot;,&quot;size&quot;:10,&quot;sizes&quot;:[]},&quot;gap_tablet&quot;:{&quot;unit&quot;:&quot;px&quot;,&quot;size&quot;:10,&quot;sizes&quot;:[]},&quot;gap_mobile&quot;:{&quot;unit&quot;:&quot;px&quot;,&quot;size&quot;:10,&quot;sizes&quot;:[]},&quot;link_to&quot;:&quot;file&quot;,&quot;overlay_background&quot;:&quot;yes&quot;,&quot;content_hover_animation&quot;:&quot;fade-in&quot;}\" data-widget_type=\"gallery.default\">\n\t\t\t\t<div class=\"elementor-widget-container\">\n\t\t\t\t\t\t\t<div class=\"elementor-gallery__container\">\n\t\t\t\t\t\t\t<a class=\"e-gallery-item elementor-gallery-item elementor-animated-content\" href=\"https:\/\/henmar.pl\/wp-content\/uploads\/2025\/03\/4-1.jpg\" data-elementor-open-lightbox=\"yes\" data-elementor-lightbox-slideshow=\"ea1c6fa\" data-elementor-lightbox-title=\"4\" data-e-action-hash=\"#elementor-action%3Aaction%3Dlightbox%26settings%3DeyJpZCI6MjE5OCwidXJsIjoiaHR0cHM6XC9cL2hlbm1hci5wbFwvd3AtY29udGVudFwvdXBsb2Fkc1wvMjAyNVwvMDNcLzQtMS5qcGciLCJzbGlkZXNob3ciOiJlYTFjNmZhIn0%3D\">\n\t\t\t\t\t<div class=\"e-gallery-image elementor-gallery-item__image\" data-thumbnail=\"https:\/\/henmar.pl\/wp-content\/uploads\/2025\/03\/4-1-300x200.jpg\" data-width=\"300\" data-height=\"200\" aria-label=\"\" role=\"img\" ><\/div>\n\t\t\t\t\t\t\t\t\t\t\t<div class=\"elementor-gallery-item__overlay\"><\/div>\n\t\t\t\t\t\t\t\t\t\t\t\t\t\t<\/a>\n\t\t\t\t\t\t\t<a class=\"e-gallery-item elementor-gallery-item elementor-animated-content\" href=\"https:\/\/henmar.pl\/wp-content\/uploads\/2025\/03\/3-1.jpg\" data-elementor-open-lightbox=\"yes\" data-elementor-lightbox-slideshow=\"ea1c6fa\" data-elementor-lightbox-title=\"3\" data-e-action-hash=\"#elementor-action%3Aaction%3Dlightbox%26settings%3DeyJpZCI6MjE5NywidXJsIjoiaHR0cHM6XC9cL2hlbm1hci5wbFwvd3AtY29udGVudFwvdXBsb2Fkc1wvMjAyNVwvMDNcLzMtMS5qcGciLCJzbGlkZXNob3ciOiJlYTFjNmZhIn0%3D\">\n\t\t\t\t\t<div class=\"e-gallery-image elementor-gallery-item__image\" data-thumbnail=\"https:\/\/henmar.pl\/wp-content\/uploads\/2025\/03\/3-1-300x225.jpg\" data-width=\"300\" data-height=\"225\" aria-label=\"\" role=\"img\" ><\/div>\n\t\t\t\t\t\t\t\t\t\t\t<div class=\"elementor-gallery-item__overlay\"><\/div>\n\t\t\t\t\t\t\t\t\t\t\t\t\t\t<\/a>\n\t\t\t\t\t\t\t<a class=\"e-gallery-item elementor-gallery-item elementor-animated-content\" href=\"https:\/\/henmar.pl\/wp-content\/uploads\/2025\/03\/2-1.jpg\" data-elementor-open-lightbox=\"yes\" data-elementor-lightbox-slideshow=\"ea1c6fa\" data-elementor-lightbox-title=\"2\" data-e-action-hash=\"#elementor-action%3Aaction%3Dlightbox%26settings%3DeyJpZCI6MjE5NiwidXJsIjoiaHR0cHM6XC9cL2hlbm1hci5wbFwvd3AtY29udGVudFwvdXBsb2Fkc1wvMjAyNVwvMDNcLzItMS5qcGciLCJzbGlkZXNob3ciOiJlYTFjNmZhIn0%3D\">\n\t\t\t\t\t<div class=\"e-gallery-image elementor-gallery-item__image\" data-thumbnail=\"https:\/\/henmar.pl\/wp-content\/uploads\/2025\/03\/2-1-300x225.jpg\" data-width=\"300\" data-height=\"225\" aria-label=\"\" role=\"img\" ><\/div>\n\t\t\t\t\t\t\t\t\t\t\t<div class=\"elementor-gallery-item__overlay\"><\/div>\n\t\t\t\t\t\t\t\t\t\t\t\t\t\t<\/a>\n\t\t\t\t\t\t\t<a class=\"e-gallery-item elementor-gallery-item elementor-animated-content\" href=\"https:\/\/henmar.pl\/wp-content\/uploads\/2025\/03\/1-1.jpg\" data-elementor-open-lightbox=\"yes\" data-elementor-lightbox-slideshow=\"ea1c6fa\" data-elementor-lightbox-title=\"1\" data-e-action-hash=\"#elementor-action%3Aaction%3Dlightbox%26settings%3DeyJpZCI6MjE5NSwidXJsIjoiaHR0cHM6XC9cL2hlbm1hci5wbFwvd3AtY29udGVudFwvdXBsb2Fkc1wvMjAyNVwvMDNcLzEtMS5qcGciLCJzbGlkZXNob3ciOiJlYTFjNmZhIn0%3D\">\n\t\t\t\t\t<div class=\"e-gallery-image elementor-gallery-item__image\" data-thumbnail=\"https:\/\/henmar.pl\/wp-content\/uploads\/2025\/03\/1-1-300x225.jpg\" data-width=\"300\" data-height=\"225\" aria-label=\"\" role=\"img\" ><\/div>\n\t\t\t\t\t\t\t\t\t\t\t<div class=\"elementor-gallery-item__overlay\"><\/div>\n\t\t\t\t\t\t\t\t\t\t\t\t\t\t<\/a>\n\t\t\t\t\t<\/div>\n\t\t\t\t\t<\/div>\n\t\t\t\t<\/div>\n\t\t\t\t\t<\/div>\n\t\t\t\t<\/div>\n\t\t<div class=\"elementor-element elementor-element-7d6495d e-flex e-con-boxed e-con e-parent\" data-id=\"7d6495d\" data-element_type=\"container\">\n\t\t\t\t\t<div class=\"e-con-inner\">\n\t\t\t\t\t<\/div>\n\t\t\t\t<\/div>\n\t\t\t\t<\/div>","protected":false},"excerpt":{"rendered":"<p>Kabiny zintegrowane Oferujemy kompleksowe rozwi\u0105zania w zakresie projektowania i produkcji kabin do maszyn budowlanych i przemys\u0142owych. Nasze konstrukcje przechodz\u0105 rygorystyczne testy ROPS i FOPS, zapewniaj\u0105c operatorom maksymalne bezpiecze\u0144stwo i komfort pracy. Wsp\u00f3\u0142pracujemy z renomowanymi producentami maszyn, dostarczaj\u0105c kabiny na pierwszy monta\u017c. Dzi\u0119ki zaawansowanym technologiom i wieloletniemu do\u015bwiadczeniu tworzymy trwa\u0142e, ergonomiczne i dostosowane do indywidualnych potrzeb [&hellip;]<\/p>","protected":false},"author":3,"featured_media":0,"parent":0,"menu_order":0,"comment_status":"closed","ping_status":"closed","template":"","meta":{"_acf_changed":false,"inline_featured_image":false,"footnotes":""},"class_list":["post-2184","page","type-page","status-publish","hentry"],"acf":[],"yoast_head":"<!-- This site is optimized with the Yoast SEO plugin v24.5 - https:\/\/yoast.com\/wordpress\/plugins\/seo\/ -->\n<title>Kabiny zintegrowane - Henmar<\/title>\n<meta name=\"robots\" content=\"index, follow, max-snippet:-1, max-image-preview:large, max-video-preview:-1\" \/>\n<link rel=\"canonical\" href=\"https:\/\/henmar.eu\/kabiny-zintegrowane\/\" \/>\n<meta property=\"og:locale\" content=\"en_GB\" \/>\n<meta property=\"og:type\" content=\"article\" \/>\n<meta property=\"og:title\" content=\"Kabiny zintegrowane - Henmar\" \/>\n<meta property=\"og:description\" content=\"Kabiny zintegrowane Oferujemy kompleksowe rozwi\u0105zania w zakresie projektowania i produkcji kabin do maszyn budowlanych i przemys\u0142owych. Nasze konstrukcje przechodz\u0105 rygorystyczne testy ROPS i FOPS, zapewniaj\u0105c operatorom maksymalne bezpiecze\u0144stwo i komfort pracy. Wsp\u00f3\u0142pracujemy z renomowanymi producentami maszyn, dostarczaj\u0105c kabiny na pierwszy monta\u017c. Dzi\u0119ki zaawansowanym technologiom i wieloletniemu do\u015bwiadczeniu tworzymy trwa\u0142e, ergonomiczne i dostosowane do indywidualnych potrzeb [&hellip;]\" \/>\n<meta property=\"og:url\" content=\"https:\/\/henmar.eu\/kabiny-zintegrowane\/\" \/>\n<meta property=\"og:site_name\" content=\"Henmar\" \/>\n<meta property=\"article:modified_time\" content=\"2025-03-10T11:14:30+00:00\" \/>\n<meta property=\"og:image\" content=\"https:\/\/henmar.pl\/wp-content\/uploads\/2025\/03\/przy-tekscie.webp\" \/>\n<meta name=\"twitter:card\" content=\"summary_large_image\" \/>\n<meta name=\"twitter:label1\" content=\"Estimated reading time\" \/>\n\t<meta name=\"twitter:data1\" content=\"1 minute\" \/>\n<script type=\"application\/ld+json\" class=\"yoast-schema-graph\">{\"@context\":\"https:\/\/schema.org\",\"@graph\":[{\"@type\":\"WebPage\",\"@id\":\"https:\/\/henmar.eu\/kabiny-zintegrowane\/\",\"url\":\"https:\/\/henmar.eu\/kabiny-zintegrowane\/\",\"name\":\"Kabiny zintegrowane - Henmar\",\"isPartOf\":{\"@id\":\"https:\/\/henmar.pl\/#website\"},\"primaryImageOfPage\":{\"@id\":\"https:\/\/henmar.eu\/kabiny-zintegrowane\/#primaryimage\"},\"image\":{\"@id\":\"https:\/\/henmar.eu\/kabiny-zintegrowane\/#primaryimage\"},\"thumbnailUrl\":\"https:\/\/henmar.pl\/wp-content\/uploads\/2025\/03\/przy-tekscie.webp\",\"datePublished\":\"2025-03-07T10:30:07+00:00\",\"dateModified\":\"2025-03-10T11:14:30+00:00\",\"breadcrumb\":{\"@id\":\"https:\/\/henmar.eu\/kabiny-zintegrowane\/#breadcrumb\"},\"inLanguage\":\"en-GB\",\"potentialAction\":[{\"@type\":\"ReadAction\",\"target\":[\"https:\/\/henmar.eu\/kabiny-zintegrowane\/\"]}]},{\"@type\":\"ImageObject\",\"inLanguage\":\"en-GB\",\"@id\":\"https:\/\/henmar.eu\/kabiny-zintegrowane\/#primaryimage\",\"url\":\"https:\/\/henmar.pl\/wp-content\/uploads\/2025\/03\/przy-tekscie.webp\",\"contentUrl\":\"https:\/\/henmar.pl\/wp-content\/uploads\/2025\/03\/przy-tekscie.webp\"},{\"@type\":\"BreadcrumbList\",\"@id\":\"https:\/\/henmar.eu\/kabiny-zintegrowane\/#breadcrumb\",\"itemListElement\":[{\"@type\":\"ListItem\",\"position\":1,\"name\":\"Strona g\u0142\u00f3wna\",\"item\":\"https:\/\/henmar.eu\/\"},{\"@type\":\"ListItem\",\"position\":2,\"name\":\"Kabiny zintegrowane\"}]},{\"@type\":\"WebSite\",\"@id\":\"https:\/\/henmar.pl\/#website\",\"url\":\"https:\/\/henmar.pl\/\",\"name\":\"Henmar\",\"description\":\"\",\"publisher\":{\"@id\":\"https:\/\/henmar.pl\/#organization\"},\"potentialAction\":[{\"@type\":\"SearchAction\",\"target\":{\"@type\":\"EntryPoint\",\"urlTemplate\":\"https:\/\/henmar.pl\/?s={search_term_string}\"},\"query-input\":{\"@type\":\"PropertyValueSpecification\",\"valueRequired\":true,\"valueName\":\"search_term_string\"}}],\"inLanguage\":\"en-GB\"},{\"@type\":\"Organization\",\"@id\":\"https:\/\/henmar.pl\/#organization\",\"name\":\"Henmar\",\"url\":\"https:\/\/henmar.pl\/\",\"logo\":{\"@type\":\"ImageObject\",\"inLanguage\":\"en-GB\",\"@id\":\"https:\/\/henmar.pl\/#\/schema\/logo\/image\/\",\"url\":\"https:\/\/henmar.pl\/wp-content\/uploads\/2024\/10\/logosvg.svg\",\"contentUrl\":\"https:\/\/henmar.pl\/wp-content\/uploads\/2024\/10\/logosvg.svg\",\"width\":238,\"height\":110,\"caption\":\"Henmar\"},\"image\":{\"@id\":\"https:\/\/henmar.pl\/#\/schema\/logo\/image\/\"}}]}<\/script>\n<!-- \/ Yoast SEO plugin. -->","yoast_head_json":{"title":"Kabiny zintegrowane - Henmar","robots":{"index":"index","follow":"follow","max-snippet":"max-snippet:-1","max-image-preview":"max-image-preview:large","max-video-preview":"max-video-preview:-1"},"canonical":"https:\/\/henmar.eu\/kabiny-zintegrowane\/","og_locale":"en_GB","og_type":"article","og_title":"Kabiny zintegrowane - Henmar","og_description":"Kabiny zintegrowane Oferujemy kompleksowe rozwi\u0105zania w zakresie projektowania i produkcji kabin do maszyn budowlanych i przemys\u0142owych. Nasze konstrukcje przechodz\u0105 rygorystyczne testy ROPS i FOPS, zapewniaj\u0105c operatorom maksymalne bezpiecze\u0144stwo i komfort pracy. Wsp\u00f3\u0142pracujemy z renomowanymi producentami maszyn, dostarczaj\u0105c kabiny na pierwszy monta\u017c. Dzi\u0119ki zaawansowanym technologiom i wieloletniemu do\u015bwiadczeniu tworzymy trwa\u0142e, ergonomiczne i dostosowane do indywidualnych potrzeb [&hellip;]","og_url":"https:\/\/henmar.eu\/kabiny-zintegrowane\/","og_site_name":"Henmar","article_modified_time":"2025-03-10T11:14:30+00:00","og_image":[{"url":"https:\/\/henmar.pl\/wp-content\/uploads\/2025\/03\/przy-tekscie.webp","type":"","width":"","height":""}],"twitter_card":"summary_large_image","twitter_misc":{"Estimated reading time":"1 minute"},"schema":{"@context":"https:\/\/schema.org","@graph":[{"@type":"WebPage","@id":"https:\/\/henmar.eu\/kabiny-zintegrowane\/","url":"https:\/\/henmar.eu\/kabiny-zintegrowane\/","name":"Kabiny zintegrowane - Henmar","isPartOf":{"@id":"https:\/\/henmar.pl\/#website"},"primaryImageOfPage":{"@id":"https:\/\/henmar.eu\/kabiny-zintegrowane\/#primaryimage"},"image":{"@id":"https:\/\/henmar.eu\/kabiny-zintegrowane\/#primaryimage"},"thumbnailUrl":"https:\/\/henmar.pl\/wp-content\/uploads\/2025\/03\/przy-tekscie.webp","datePublished":"2025-03-07T10:30:07+00:00","dateModified":"2025-03-10T11:14:30+00:00","breadcrumb":{"@id":"https:\/\/henmar.eu\/kabiny-zintegrowane\/#breadcrumb"},"inLanguage":"en-GB","potentialAction":[{"@type":"ReadAction","target":["https:\/\/henmar.eu\/kabiny-zintegrowane\/"]}]},{"@type":"ImageObject","inLanguage":"en-GB","@id":"https:\/\/henmar.eu\/kabiny-zintegrowane\/#primaryimage","url":"https:\/\/henmar.pl\/wp-content\/uploads\/2025\/03\/przy-tekscie.webp","contentUrl":"https:\/\/henmar.pl\/wp-content\/uploads\/2025\/03\/przy-tekscie.webp"},{"@type":"BreadcrumbList","@id":"https:\/\/henmar.eu\/kabiny-zintegrowane\/#breadcrumb","itemListElement":[{"@type":"ListItem","position":1,"name":"Strona g\u0142\u00f3wna","item":"https:\/\/henmar.eu\/"},{"@type":"ListItem","position":2,"name":"Kabiny zintegrowane"}]},{"@type":"WebSite","@id":"https:\/\/henmar.pl\/#website","url":"https:\/\/henmar.pl\/","name":"Henmar","description":"","publisher":{"@id":"https:\/\/henmar.pl\/#organization"},"potentialAction":[{"@type":"SearchAction","target":{"@type":"EntryPoint","urlTemplate":"https:\/\/henmar.pl\/?s={search_term_string}"},"query-input":{"@type":"PropertyValueSpecification","valueRequired":true,"valueName":"search_term_string"}}],"inLanguage":"en-GB"},{"@type":"Organization","@id":"https:\/\/henmar.pl\/#organization","name":"Henmar","url":"https:\/\/henmar.pl\/","logo":{"@type":"ImageObject","inLanguage":"en-GB","@id":"https:\/\/henmar.pl\/#\/schema\/logo\/image\/","url":"https:\/\/henmar.pl\/wp-content\/uploads\/2024\/10\/logosvg.svg","contentUrl":"https:\/\/henmar.pl\/wp-content\/uploads\/2024\/10\/logosvg.svg","width":238,"height":110,"caption":"Henmar"},"image":{"@id":"https:\/\/henmar.pl\/#\/schema\/logo\/image\/"}}]}},"_links":{"self":[{"href":"https:\/\/henmar.pl\/en\/wp-json\/wp\/v2\/pages\/2184","targetHints":{"allow":["GET"]}}],"collection":[{"href":"https:\/\/henmar.pl\/en\/wp-json\/wp\/v2\/pages"}],"about":[{"href":"https:\/\/henmar.pl\/en\/wp-json\/wp\/v2\/types\/page"}],"author":[{"embeddable":true,"href":"https:\/\/henmar.pl\/en\/wp-json\/wp\/v2\/users\/3"}],"replies":[{"embeddable":true,"href":"https:\/\/henmar.pl\/en\/wp-json\/wp\/v2\/comments?post=2184"}],"version-history":[{"count":0,"href":"https:\/\/henmar.pl\/en\/wp-json\/wp\/v2\/pages\/2184\/revisions"}],"wp:attachment":[{"href":"https:\/\/henmar.pl\/en\/wp-json\/wp\/v2\/media?parent=2184"}],"curies":[{"name":"wp","href":"https:\/\/api.w.org\/{rel}","templated":true}]}}