{"id":3129,"date":"2025-07-21T12:39:10","date_gmt":"2025-07-21T10:39:10","guid":{"rendered":"https:\/\/henmar.pl\/?post_type=product&#038;p=3129"},"modified":"2025-08-19T13:14:04","modified_gmt":"2025-08-19T11:14:04","slug":"linde-1252-e20-e20-600h-e25-e25-600h-e30-e30-600h-e35hl-container","status":"publish","type":"product","link":"https:\/\/henmar.pl\/en\/product\/linde-1252-e20-e20-600h-e25-e25-600h-e30-e30-600h-e35hl-container\/","title":{"rendered":"Linde 1252 E20\/E20-600H\/E25\/E25-600H\/E30\/E30-600H\/E35HL Container"},"content":{"rendered":"<p>The cab for this forklift model is a modern solution combining a lightweight design with a large area of glazing to guarantee excellent visibility and working comfort in all weather conditions. With its ergonomic design, durable materials and careful workmanship, the cab provides not only safety but also comfort in any environment, even the most demanding.<\/p>","protected":false},"excerpt":{"rendered":"<p>The cab for this forklift model is a modern solution combining a lightweight design with a large area of glazing to guarantee excellent visibility and working comfort in all weather conditions. With its ergonomic design, durable materials and careful workmanship, the cab provides not only safety but also comfort in any environment, even the most demanding.<\/p>","protected":false},"featured_media":3130,"comment_status":"open","ping_status":"closed","template":"","meta":{"_acf_changed":false,"inline_featured_image":false},"product_brand":[94],"product_cat":[23,93],"product_tag":[86],"class_list":{"0":"post-3129","1":"product","2":"type-product","3":"status-publish","4":"has-post-thumbnail","6":"product_brand-linde","7":"product_cat-kabiny-do-wozkow-widlowych","8":"product_cat-linde","9":"product_tag-kabiny","11":"first","12":"instock","13":"shipping-taxable","14":"product-type-simple"},"acf":[],"yoast_head":"<!-- This site is optimized with the Yoast SEO plugin v24.5 - https:\/\/yoast.com\/wordpress\/plugins\/seo\/ -->\n<title>Linde 1252 E20\/E20-600H\/E25\/E25-600H\/E30\/E30-600H\/E35HL Container - Henmar<\/title>\n<meta name=\"robots\" content=\"index, follow, max-snippet:-1, max-image-preview:large, max-video-preview:-1\" \/>\n<link rel=\"canonical\" href=\"https:\/\/henmar.de\/product\/linde-1252-e20-e20-600h-e25-e25-600h-e30-e30-600h-e35hl-container\/\" \/>\n<meta property=\"og:locale\" content=\"en_GB\" \/>\n<meta property=\"og:type\" content=\"article\" \/>\n<meta property=\"og:title\" content=\"Linde 1252 E20\/E20-600H\/E25\/E25-600H\/E30\/E30-600H\/E35HL Container - Henmar\" \/>\n<meta property=\"og:description\" content=\"Kabina do tego modelu w\u00f3zka to nowoczesne rozwi\u0105zanie \u0142\u0105cz\u0105ce lekko\u015b\u0107 konstrukcji z du\u017c\u0105 powierzchni\u0105 przeszklenia gwarantuj\u0105ce doskona\u0142\u0105 widoczno\u015b\u0107 i komfort pracy w ka\u017cdych warunkach atmosferycznych. Ergonomiczny design, trwa\u0142e materia\u0142y oraz staranne wykonanie sprawiaj\u0105, \u017ce kabina zapewnia nie tylko bezpiecze\u0144stwo, ale tak\u017ce wygod\u0119 u\u017cytkowania w ka\u017cdym, nawet najbardziej wymagaj\u0105cym otoczeniu.\" \/>\n<meta property=\"og:url\" content=\"https:\/\/henmar.de\/product\/linde-1252-e20-e20-600h-e25-e25-600h-e30-e30-600h-e35hl-container\/\" \/>\n<meta property=\"og:site_name\" content=\"Henmar\" \/>\n<meta property=\"article:modified_time\" content=\"2025-08-19T11:14:04+00:00\" \/>\n<meta property=\"og:image\" content=\"https:\/\/henmar.eu\/wp-content\/uploads\/2025\/07\/IMG_2426.jpg\" \/>\n\t<meta property=\"og:image:width\" content=\"1620\" \/>\n\t<meta property=\"og:image:height\" content=\"1080\" \/>\n\t<meta property=\"og:image:type\" content=\"image\/jpeg\" \/>\n<meta name=\"twitter:card\" content=\"summary_large_image\" \/>\n<meta name=\"twitter:label1\" content=\"Estimated reading time\" \/>\n\t<meta name=\"twitter:data1\" content=\"1 minute\" \/>\n<script type=\"application\/ld+json\" class=\"yoast-schema-graph\">{\"@context\":\"https:\/\/schema.org\",\"@graph\":[{\"@type\":\"WebPage\",\"@id\":\"https:\/\/henmar.de\/product\/linde-1252-e20-e20-600h-e25-e25-600h-e30-e30-600h-e35hl-container\/\",\"url\":\"https:\/\/henmar.de\/product\/linde-1252-e20-e20-600h-e25-e25-600h-e30-e30-600h-e35hl-container\/\",\"name\":\"Linde 1252 E20\/E20-600H\/E25\/E25-600H\/E30\/E30-600H\/E35HL Container - Henmar\",\"isPartOf\":{\"@id\":\"https:\/\/henmar.pl\/#website\"},\"primaryImageOfPage\":{\"@id\":\"https:\/\/henmar.de\/product\/linde-1252-e20-e20-600h-e25-e25-600h-e30-e30-600h-e35hl-container\/#primaryimage\"},\"image\":{\"@id\":\"https:\/\/henmar.de\/product\/linde-1252-e20-e20-600h-e25-e25-600h-e30-e30-600h-e35hl-container\/#primaryimage\"},\"thumbnailUrl\":\"https:\/\/henmar.pl\/wp-content\/uploads\/2025\/07\/IMG_2426.jpg\",\"datePublished\":\"2025-07-21T10:39:10+00:00\",\"dateModified\":\"2025-08-19T11:14:04+00:00\",\"breadcrumb\":{\"@id\":\"https:\/\/henmar.de\/product\/linde-1252-e20-e20-600h-e25-e25-600h-e30-e30-600h-e35hl-container\/#breadcrumb\"},\"inLanguage\":\"en-GB\",\"potentialAction\":[{\"@type\":\"ReadAction\",\"target\":[\"https:\/\/henmar.de\/product\/linde-1252-e20-e20-600h-e25-e25-600h-e30-e30-600h-e35hl-container\/\"]}]},{\"@type\":\"ImageObject\",\"inLanguage\":\"en-GB\",\"@id\":\"https:\/\/henmar.de\/product\/linde-1252-e20-e20-600h-e25-e25-600h-e30-e30-600h-e35hl-container\/#primaryimage\",\"url\":\"https:\/\/henmar.pl\/wp-content\/uploads\/2025\/07\/IMG_2426.jpg\",\"contentUrl\":\"https:\/\/henmar.pl\/wp-content\/uploads\/2025\/07\/IMG_2426.jpg\",\"width\":1620,\"height\":1080},{\"@type\":\"BreadcrumbList\",\"@id\":\"https:\/\/henmar.de\/product\/linde-1252-e20-e20-600h-e25-e25-600h-e30-e30-600h-e35hl-container\/#breadcrumb\",\"itemListElement\":[{\"@type\":\"ListItem\",\"position\":1,\"name\":\"Strona g\u0142\u00f3wna\",\"item\":\"https:\/\/henmar.eu\/\"},{\"@type\":\"ListItem\",\"position\":2,\"name\":\"Produkty\",\"item\":\"https:\/\/henmar.eu\/produkty\/\"},{\"@type\":\"ListItem\",\"position\":3,\"name\":\"Linde 1252 E20\/E20-600H\/E25\/E25-600H\/E30\/E30-600H\/E35HL Container\"}]},{\"@type\":\"WebSite\",\"@id\":\"https:\/\/henmar.pl\/#website\",\"url\":\"https:\/\/henmar.pl\/\",\"name\":\"Henmar\",\"description\":\"\",\"publisher\":{\"@id\":\"https:\/\/henmar.pl\/#organization\"},\"potentialAction\":[{\"@type\":\"SearchAction\",\"target\":{\"@type\":\"EntryPoint\",\"urlTemplate\":\"https:\/\/henmar.pl\/?s={search_term_string}\"},\"query-input\":{\"@type\":\"PropertyValueSpecification\",\"valueRequired\":true,\"valueName\":\"search_term_string\"}}],\"inLanguage\":\"en-GB\"},{\"@type\":\"Organization\",\"@id\":\"https:\/\/henmar.pl\/#organization\",\"name\":\"Henmar\",\"url\":\"https:\/\/henmar.pl\/\",\"logo\":{\"@type\":\"ImageObject\",\"inLanguage\":\"en-GB\",\"@id\":\"https:\/\/henmar.pl\/#\/schema\/logo\/image\/\",\"url\":\"https:\/\/henmar.pl\/wp-content\/uploads\/2024\/10\/logosvg.svg\",\"contentUrl\":\"https:\/\/henmar.pl\/wp-content\/uploads\/2024\/10\/logosvg.svg\",\"width\":238,\"height\":110,\"caption\":\"Henmar\"},\"image\":{\"@id\":\"https:\/\/henmar.pl\/#\/schema\/logo\/image\/\"}}]}<\/script>\n<!-- \/ Yoast SEO plugin. -->","yoast_head_json":{"title":"Linde 1252 E20\/E20-600H\/E25\/E25-600H\/E30\/E30-600H\/E35HL Container - Henmar","robots":{"index":"index","follow":"follow","max-snippet":"max-snippet:-1","max-image-preview":"max-image-preview:large","max-video-preview":"max-video-preview:-1"},"canonical":"https:\/\/henmar.de\/product\/linde-1252-e20-e20-600h-e25-e25-600h-e30-e30-600h-e35hl-container\/","og_locale":"en_GB","og_type":"article","og_title":"Linde 1252 E20\/E20-600H\/E25\/E25-600H\/E30\/E30-600H\/E35HL Container - Henmar","og_description":"Kabina do tego modelu w\u00f3zka to nowoczesne rozwi\u0105zanie \u0142\u0105cz\u0105ce lekko\u015b\u0107 konstrukcji z du\u017c\u0105 powierzchni\u0105 przeszklenia gwarantuj\u0105ce doskona\u0142\u0105 widoczno\u015b\u0107 i komfort pracy w ka\u017cdych warunkach atmosferycznych. Ergonomiczny design, trwa\u0142e materia\u0142y oraz staranne wykonanie sprawiaj\u0105, \u017ce kabina zapewnia nie tylko bezpiecze\u0144stwo, ale tak\u017ce wygod\u0119 u\u017cytkowania w ka\u017cdym, nawet najbardziej wymagaj\u0105cym otoczeniu.","og_url":"https:\/\/henmar.de\/product\/linde-1252-e20-e20-600h-e25-e25-600h-e30-e30-600h-e35hl-container\/","og_site_name":"Henmar","article_modified_time":"2025-08-19T11:14:04+00:00","og_image":[{"width":1620,"height":1080,"url":"https:\/\/henmar.eu\/wp-content\/uploads\/2025\/07\/IMG_2426.jpg","type":"image\/jpeg"}],"twitter_card":"summary_large_image","twitter_misc":{"Estimated reading time":"1 minute"},"schema":{"@context":"https:\/\/schema.org","@graph":[{"@type":"WebPage","@id":"https:\/\/henmar.de\/product\/linde-1252-e20-e20-600h-e25-e25-600h-e30-e30-600h-e35hl-container\/","url":"https:\/\/henmar.de\/product\/linde-1252-e20-e20-600h-e25-e25-600h-e30-e30-600h-e35hl-container\/","name":"Linde 1252 E20\/E20-600H\/E25\/E25-600H\/E30\/E30-600H\/E35HL Container - Henmar","isPartOf":{"@id":"https:\/\/henmar.pl\/#website"},"primaryImageOfPage":{"@id":"https:\/\/henmar.de\/product\/linde-1252-e20-e20-600h-e25-e25-600h-e30-e30-600h-e35hl-container\/#primaryimage"},"image":{"@id":"https:\/\/henmar.de\/product\/linde-1252-e20-e20-600h-e25-e25-600h-e30-e30-600h-e35hl-container\/#primaryimage"},"thumbnailUrl":"https:\/\/henmar.pl\/wp-content\/uploads\/2025\/07\/IMG_2426.jpg","datePublished":"2025-07-21T10:39:10+00:00","dateModified":"2025-08-19T11:14:04+00:00","breadcrumb":{"@id":"https:\/\/henmar.de\/product\/linde-1252-e20-e20-600h-e25-e25-600h-e30-e30-600h-e35hl-container\/#breadcrumb"},"inLanguage":"en-GB","potentialAction":[{"@type":"ReadAction","target":["https:\/\/henmar.de\/product\/linde-1252-e20-e20-600h-e25-e25-600h-e30-e30-600h-e35hl-container\/"]}]},{"@type":"ImageObject","inLanguage":"en-GB","@id":"https:\/\/henmar.de\/product\/linde-1252-e20-e20-600h-e25-e25-600h-e30-e30-600h-e35hl-container\/#primaryimage","url":"https:\/\/henmar.pl\/wp-content\/uploads\/2025\/07\/IMG_2426.jpg","contentUrl":"https:\/\/henmar.pl\/wp-content\/uploads\/2025\/07\/IMG_2426.jpg","width":1620,"height":1080},{"@type":"BreadcrumbList","@id":"https:\/\/henmar.de\/product\/linde-1252-e20-e20-600h-e25-e25-600h-e30-e30-600h-e35hl-container\/#breadcrumb","itemListElement":[{"@type":"ListItem","position":1,"name":"Strona g\u0142\u00f3wna","item":"https:\/\/henmar.eu\/"},{"@type":"ListItem","position":2,"name":"Produkty","item":"https:\/\/henmar.eu\/produkty\/"},{"@type":"ListItem","position":3,"name":"Linde 1252 E20\/E20-600H\/E25\/E25-600H\/E30\/E30-600H\/E35HL Container"}]},{"@type":"WebSite","@id":"https:\/\/henmar.pl\/#website","url":"https:\/\/henmar.pl\/","name":"Henmar","description":"","publisher":{"@id":"https:\/\/henmar.pl\/#organization"},"potentialAction":[{"@type":"SearchAction","target":{"@type":"EntryPoint","urlTemplate":"https:\/\/henmar.pl\/?s={search_term_string}"},"query-input":{"@type":"PropertyValueSpecification","valueRequired":true,"valueName":"search_term_string"}}],"inLanguage":"en-GB"},{"@type":"Organization","@id":"https:\/\/henmar.pl\/#organization","name":"Henmar","url":"https:\/\/henmar.pl\/","logo":{"@type":"ImageObject","inLanguage":"en-GB","@id":"https:\/\/henmar.pl\/#\/schema\/logo\/image\/","url":"https:\/\/henmar.pl\/wp-content\/uploads\/2024\/10\/logosvg.svg","contentUrl":"https:\/\/henmar.pl\/wp-content\/uploads\/2024\/10\/logosvg.svg","width":238,"height":110,"caption":"Henmar"},"image":{"@id":"https:\/\/henmar.pl\/#\/schema\/logo\/image\/"}}]}},"_links":{"self":[{"href":"https:\/\/henmar.pl\/en\/wp-json\/wp\/v2\/product\/3129","targetHints":{"allow":["GET"]}}],"collection":[{"href":"https:\/\/henmar.pl\/en\/wp-json\/wp\/v2\/product"}],"about":[{"href":"https:\/\/henmar.pl\/en\/wp-json\/wp\/v2\/types\/product"}],"replies":[{"embeddable":true,"href":"https:\/\/henmar.pl\/en\/wp-json\/wp\/v2\/comments?post=3129"}],"version-history":[{"count":2,"href":"https:\/\/henmar.pl\/en\/wp-json\/wp\/v2\/product\/3129\/revisions"}],"predecessor-version":[{"id":3666,"href":"https:\/\/henmar.pl\/en\/wp-json\/wp\/v2\/product\/3129\/revisions\/3666"}],"wp:featuredmedia":[{"embeddable":true,"href":"https:\/\/henmar.pl\/en\/wp-json\/wp\/v2\/media\/3130"}],"wp:attachment":[{"href":"https:\/\/henmar.pl\/en\/wp-json\/wp\/v2\/media?parent=3129"}],"wp:term":[{"taxonomy":"product_brand","embeddable":true,"href":"https:\/\/henmar.pl\/en\/wp-json\/wp\/v2\/product_brand?post=3129"},{"taxonomy":"product_cat","embeddable":true,"href":"https:\/\/henmar.pl\/en\/wp-json\/wp\/v2\/product_cat?post=3129"},{"taxonomy":"product_tag","embeddable":true,"href":"https:\/\/henmar.pl\/en\/wp-json\/wp\/v2\/product_tag?post=3129"}],"curies":[{"name":"wp","href":"https:\/\/api.w.org\/{rel}","templated":true}]}}