{"id":3316,"date":"2025-08-04T12:13:51","date_gmt":"2025-08-04T10:13:51","guid":{"rendered":"https:\/\/henmar.pl\/?post_type=product&#038;p=3316"},"modified":"2025-08-19T12:31:20","modified_gmt":"2025-08-19T10:31:20","slug":"toyota-8fbe-fbm-16t-18t-20t","status":"publish","type":"product","link":"https:\/\/henmar.pl\/en\/product\/toyota-8fbe-fbm-16t-18t-20t\/","title":{"rendered":"Toyota 8FBE\/FBM 16T-18T-20T"},"content":{"rendered":"<p>The cab for this forklift model is a modern solution combining lightweight construction with a large area of glazing, guaranteeing excellent visibility and working comfort in all weather conditions. With its ergonomic design, durable materials and careful workmanship, the cab ensures not only safety but also comfort in any environment, even the most demanding.<\/p>","protected":false},"excerpt":{"rendered":"<p>The cab for this forklift model is a modern solution combining lightweight construction with a large area of glazing, guaranteeing excellent visibility and working comfort in all weather conditions. With its ergonomic design, durable materials and careful workmanship, the cab ensures not only safety but also comfort in any environment, even the most demanding.<\/p>","protected":false},"featured_media":3328,"comment_status":"open","ping_status":"closed","template":"","meta":{"_acf_changed":false,"inline_featured_image":false},"product_brand":[103],"product_cat":[23,104],"product_tag":[86],"class_list":{"0":"post-3316","1":"product","2":"type-product","3":"status-publish","4":"has-post-thumbnail","6":"product_brand-toyota","7":"product_cat-kabiny-do-wozkow-widlowych","8":"product_cat-toyota","9":"product_tag-kabiny","11":"first","12":"instock","13":"shipping-taxable","14":"product-type-simple"},"acf":[],"yoast_head":"<!-- This site is optimized with the Yoast SEO plugin v24.5 - https:\/\/yoast.com\/wordpress\/plugins\/seo\/ -->\n<title>Toyota 8FBE\/FBM 16T-18T-20T - Henmar<\/title>\n<meta name=\"robots\" content=\"index, follow, max-snippet:-1, max-image-preview:large, max-video-preview:-1\" \/>\n<link rel=\"canonical\" href=\"https:\/\/henmar.de\/product\/toyota-8fbe-fbm-16t-18t-20t\/\" \/>\n<meta property=\"og:locale\" content=\"en_GB\" \/>\n<meta property=\"og:type\" content=\"article\" \/>\n<meta property=\"og:title\" content=\"Toyota 8FBE\/FBM 16T-18T-20T - Henmar\" \/>\n<meta property=\"og:description\" content=\"Kabina do tego modelu w\u00f3zka to nowoczesne rozwi\u0105zanie \u0142\u0105cz\u0105ce lekko\u015b\u0107 konstrukcji z du\u017c\u0105 powierzchni\u0105 przeszklenia, gwarantuj\u0105ce doskona\u0142\u0105 widoczno\u015b\u0107 i komfort pracy w ka\u017cdych warunkach atmosferycznych. Ergonomiczny design, trwa\u0142e materia\u0142y oraz staranne wykonanie sprawiaj\u0105, \u017ce kabina zapewnia nie tylko bezpiecze\u0144stwo, ale tak\u017ce wygod\u0119 u\u017cytkowania w ka\u017cdym, nawet najbardziej wymagaj\u0105cym otoczeniu.\" \/>\n<meta property=\"og:url\" content=\"https:\/\/henmar.de\/product\/toyota-8fbe-fbm-16t-18t-20t\/\" \/>\n<meta property=\"og:site_name\" content=\"Henmar\" \/>\n<meta property=\"article:modified_time\" content=\"2025-08-19T10:31:20+00:00\" \/>\n<meta property=\"og:image\" content=\"https:\/\/henmar.eu\/wp-content\/uploads\/2025\/08\/SAM_6948.jpg\" \/>\n\t<meta property=\"og:image:width\" content=\"1440\" \/>\n\t<meta property=\"og:image:height\" content=\"1080\" \/>\n\t<meta property=\"og:image:type\" content=\"image\/jpeg\" \/>\n<meta name=\"twitter:card\" content=\"summary_large_image\" \/>\n<meta name=\"twitter:label1\" content=\"Estimated reading time\" \/>\n\t<meta name=\"twitter:data1\" content=\"1 minute\" \/>\n<script type=\"application\/ld+json\" class=\"yoast-schema-graph\">{\"@context\":\"https:\/\/schema.org\",\"@graph\":[{\"@type\":\"WebPage\",\"@id\":\"https:\/\/henmar.de\/product\/toyota-8fbe-fbm-16t-18t-20t\/\",\"url\":\"https:\/\/henmar.de\/product\/toyota-8fbe-fbm-16t-18t-20t\/\",\"name\":\"Toyota 8FBE\/FBM 16T-18T-20T - Henmar\",\"isPartOf\":{\"@id\":\"https:\/\/henmar.pl\/#website\"},\"primaryImageOfPage\":{\"@id\":\"https:\/\/henmar.de\/product\/toyota-8fbe-fbm-16t-18t-20t\/#primaryimage\"},\"image\":{\"@id\":\"https:\/\/henmar.de\/product\/toyota-8fbe-fbm-16t-18t-20t\/#primaryimage\"},\"thumbnailUrl\":\"https:\/\/henmar.pl\/wp-content\/uploads\/2025\/08\/SAM_6948.jpg\",\"datePublished\":\"2025-08-04T10:13:51+00:00\",\"dateModified\":\"2025-08-19T10:31:20+00:00\",\"breadcrumb\":{\"@id\":\"https:\/\/henmar.de\/product\/toyota-8fbe-fbm-16t-18t-20t\/#breadcrumb\"},\"inLanguage\":\"en-GB\",\"potentialAction\":[{\"@type\":\"ReadAction\",\"target\":[\"https:\/\/henmar.de\/product\/toyota-8fbe-fbm-16t-18t-20t\/\"]}]},{\"@type\":\"ImageObject\",\"inLanguage\":\"en-GB\",\"@id\":\"https:\/\/henmar.de\/product\/toyota-8fbe-fbm-16t-18t-20t\/#primaryimage\",\"url\":\"https:\/\/henmar.pl\/wp-content\/uploads\/2025\/08\/SAM_6948.jpg\",\"contentUrl\":\"https:\/\/henmar.pl\/wp-content\/uploads\/2025\/08\/SAM_6948.jpg\",\"width\":1440,\"height\":1080},{\"@type\":\"BreadcrumbList\",\"@id\":\"https:\/\/henmar.de\/product\/toyota-8fbe-fbm-16t-18t-20t\/#breadcrumb\",\"itemListElement\":[{\"@type\":\"ListItem\",\"position\":1,\"name\":\"Strona g\u0142\u00f3wna\",\"item\":\"https:\/\/henmar.eu\/\"},{\"@type\":\"ListItem\",\"position\":2,\"name\":\"Produkty\",\"item\":\"https:\/\/henmar.eu\/produkty\/\"},{\"@type\":\"ListItem\",\"position\":3,\"name\":\"Toyota 8FBE\/FBM 16T-18T-20T\"}]},{\"@type\":\"WebSite\",\"@id\":\"https:\/\/henmar.pl\/#website\",\"url\":\"https:\/\/henmar.pl\/\",\"name\":\"Henmar\",\"description\":\"\",\"publisher\":{\"@id\":\"https:\/\/henmar.pl\/#organization\"},\"potentialAction\":[{\"@type\":\"SearchAction\",\"target\":{\"@type\":\"EntryPoint\",\"urlTemplate\":\"https:\/\/henmar.pl\/?s={search_term_string}\"},\"query-input\":{\"@type\":\"PropertyValueSpecification\",\"valueRequired\":true,\"valueName\":\"search_term_string\"}}],\"inLanguage\":\"en-GB\"},{\"@type\":\"Organization\",\"@id\":\"https:\/\/henmar.pl\/#organization\",\"name\":\"Henmar\",\"url\":\"https:\/\/henmar.pl\/\",\"logo\":{\"@type\":\"ImageObject\",\"inLanguage\":\"en-GB\",\"@id\":\"https:\/\/henmar.pl\/#\/schema\/logo\/image\/\",\"url\":\"https:\/\/henmar.pl\/wp-content\/uploads\/2024\/10\/logosvg.svg\",\"contentUrl\":\"https:\/\/henmar.pl\/wp-content\/uploads\/2024\/10\/logosvg.svg\",\"width\":238,\"height\":110,\"caption\":\"Henmar\"},\"image\":{\"@id\":\"https:\/\/henmar.pl\/#\/schema\/logo\/image\/\"}}]}<\/script>\n<!-- \/ Yoast SEO plugin. -->","yoast_head_json":{"title":"Toyota 8FBE\/FBM 16T-18T-20T - Henmar","robots":{"index":"index","follow":"follow","max-snippet":"max-snippet:-1","max-image-preview":"max-image-preview:large","max-video-preview":"max-video-preview:-1"},"canonical":"https:\/\/henmar.de\/product\/toyota-8fbe-fbm-16t-18t-20t\/","og_locale":"en_GB","og_type":"article","og_title":"Toyota 8FBE\/FBM 16T-18T-20T - Henmar","og_description":"Kabina do tego modelu w\u00f3zka to nowoczesne rozwi\u0105zanie \u0142\u0105cz\u0105ce lekko\u015b\u0107 konstrukcji z du\u017c\u0105 powierzchni\u0105 przeszklenia, gwarantuj\u0105ce doskona\u0142\u0105 widoczno\u015b\u0107 i komfort pracy w ka\u017cdych warunkach atmosferycznych. Ergonomiczny design, trwa\u0142e materia\u0142y oraz staranne wykonanie sprawiaj\u0105, \u017ce kabina zapewnia nie tylko bezpiecze\u0144stwo, ale tak\u017ce wygod\u0119 u\u017cytkowania w ka\u017cdym, nawet najbardziej wymagaj\u0105cym otoczeniu.","og_url":"https:\/\/henmar.de\/product\/toyota-8fbe-fbm-16t-18t-20t\/","og_site_name":"Henmar","article_modified_time":"2025-08-19T10:31:20+00:00","og_image":[{"width":1440,"height":1080,"url":"https:\/\/henmar.eu\/wp-content\/uploads\/2025\/08\/SAM_6948.jpg","type":"image\/jpeg"}],"twitter_card":"summary_large_image","twitter_misc":{"Estimated reading time":"1 minute"},"schema":{"@context":"https:\/\/schema.org","@graph":[{"@type":"WebPage","@id":"https:\/\/henmar.de\/product\/toyota-8fbe-fbm-16t-18t-20t\/","url":"https:\/\/henmar.de\/product\/toyota-8fbe-fbm-16t-18t-20t\/","name":"Toyota 8FBE\/FBM 16T-18T-20T - Henmar","isPartOf":{"@id":"https:\/\/henmar.pl\/#website"},"primaryImageOfPage":{"@id":"https:\/\/henmar.de\/product\/toyota-8fbe-fbm-16t-18t-20t\/#primaryimage"},"image":{"@id":"https:\/\/henmar.de\/product\/toyota-8fbe-fbm-16t-18t-20t\/#primaryimage"},"thumbnailUrl":"https:\/\/henmar.pl\/wp-content\/uploads\/2025\/08\/SAM_6948.jpg","datePublished":"2025-08-04T10:13:51+00:00","dateModified":"2025-08-19T10:31:20+00:00","breadcrumb":{"@id":"https:\/\/henmar.de\/product\/toyota-8fbe-fbm-16t-18t-20t\/#breadcrumb"},"inLanguage":"en-GB","potentialAction":[{"@type":"ReadAction","target":["https:\/\/henmar.de\/product\/toyota-8fbe-fbm-16t-18t-20t\/"]}]},{"@type":"ImageObject","inLanguage":"en-GB","@id":"https:\/\/henmar.de\/product\/toyota-8fbe-fbm-16t-18t-20t\/#primaryimage","url":"https:\/\/henmar.pl\/wp-content\/uploads\/2025\/08\/SAM_6948.jpg","contentUrl":"https:\/\/henmar.pl\/wp-content\/uploads\/2025\/08\/SAM_6948.jpg","width":1440,"height":1080},{"@type":"BreadcrumbList","@id":"https:\/\/henmar.de\/product\/toyota-8fbe-fbm-16t-18t-20t\/#breadcrumb","itemListElement":[{"@type":"ListItem","position":1,"name":"Strona g\u0142\u00f3wna","item":"https:\/\/henmar.eu\/"},{"@type":"ListItem","position":2,"name":"Produkty","item":"https:\/\/henmar.eu\/produkty\/"},{"@type":"ListItem","position":3,"name":"Toyota 8FBE\/FBM 16T-18T-20T"}]},{"@type":"WebSite","@id":"https:\/\/henmar.pl\/#website","url":"https:\/\/henmar.pl\/","name":"Henmar","description":"","publisher":{"@id":"https:\/\/henmar.pl\/#organization"},"potentialAction":[{"@type":"SearchAction","target":{"@type":"EntryPoint","urlTemplate":"https:\/\/henmar.pl\/?s={search_term_string}"},"query-input":{"@type":"PropertyValueSpecification","valueRequired":true,"valueName":"search_term_string"}}],"inLanguage":"en-GB"},{"@type":"Organization","@id":"https:\/\/henmar.pl\/#organization","name":"Henmar","url":"https:\/\/henmar.pl\/","logo":{"@type":"ImageObject","inLanguage":"en-GB","@id":"https:\/\/henmar.pl\/#\/schema\/logo\/image\/","url":"https:\/\/henmar.pl\/wp-content\/uploads\/2024\/10\/logosvg.svg","contentUrl":"https:\/\/henmar.pl\/wp-content\/uploads\/2024\/10\/logosvg.svg","width":238,"height":110,"caption":"Henmar"},"image":{"@id":"https:\/\/henmar.pl\/#\/schema\/logo\/image\/"}}]}},"_links":{"self":[{"href":"https:\/\/henmar.pl\/en\/wp-json\/wp\/v2\/product\/3316","targetHints":{"allow":["GET"]}}],"collection":[{"href":"https:\/\/henmar.pl\/en\/wp-json\/wp\/v2\/product"}],"about":[{"href":"https:\/\/henmar.pl\/en\/wp-json\/wp\/v2\/types\/product"}],"replies":[{"embeddable":true,"href":"https:\/\/henmar.pl\/en\/wp-json\/wp\/v2\/comments?post=3316"}],"version-history":[{"count":1,"href":"https:\/\/henmar.pl\/en\/wp-json\/wp\/v2\/product\/3316\/revisions"}],"predecessor-version":[{"id":3582,"href":"https:\/\/henmar.pl\/en\/wp-json\/wp\/v2\/product\/3316\/revisions\/3582"}],"wp:featuredmedia":[{"embeddable":true,"href":"https:\/\/henmar.pl\/en\/wp-json\/wp\/v2\/media\/3328"}],"wp:attachment":[{"href":"https:\/\/henmar.pl\/en\/wp-json\/wp\/v2\/media?parent=3316"}],"wp:term":[{"taxonomy":"product_brand","embeddable":true,"href":"https:\/\/henmar.pl\/en\/wp-json\/wp\/v2\/product_brand?post=3316"},{"taxonomy":"product_cat","embeddable":true,"href":"https:\/\/henmar.pl\/en\/wp-json\/wp\/v2\/product_cat?post=3316"},{"taxonomy":"product_tag","embeddable":true,"href":"https:\/\/henmar.pl\/en\/wp-json\/wp\/v2\/product_tag?post=3316"}],"curies":[{"name":"wp","href":"https:\/\/api.w.org\/{rel}","templated":true}]}}